{"id":5274,"date":"2019-10-31T20:24:43","date_gmt":"2019-10-31T19:24:43","guid":{"rendered":"https:\/\/www.bachchoral.de\/?page_id=5274"},"modified":"2019-10-31T20:24:43","modified_gmt":"2019-10-31T19:24:43","slug":"conditions","status":"publish","type":"page","link":"https:\/\/www.bachchoral.de\/en\/conditions\/","title":{"rendered":"Conditions"},"content":{"rendered":"<h1 class=\"itkanzlei_first_headline\">Allgemeine Gesch\u00e4ftsbedingungen mit Kundeninformationen<\/h1>\n<h2>Inhaltsverzeichnis<\/h2>\n<ol>\n<li>Geltungsbereich<\/li>\n<li>Vertragsschluss<\/li>\n<li>Widerrufsrecht<\/li>\n<li>Verg\u00fctung<\/li>\n<li>\u00dcberlassung der Inhalte<\/li>\n<li>Einr\u00e4umung von Nutzungsrechten<\/li>\n<li>M\u00e4ngelhaftung<\/li>\n<li>Anwendbares Recht<\/li>\n<li>Alternative Streitbeilegung<\/li>\n<\/ol>\n<h2>1) Geltungsbereich<\/h2>\n<p><b>1.1<\/b>\u2009Diese Allgemeinen Gesch\u00e4ftsbedingungen (nachfolgend &#8220;AGB&#8221;) des Heinz Ecker, handelnd unter &#8220;cmc concerto music consulting&#8221; (nachfolgend &#8220;Lizenzgeber&#8221;), gelten f\u00fcr alle Vertr\u00e4ge \u00fcber die Lieferung von nicht auf einem k\u00f6rperlichen Datentr\u00e4ger befindlichen Daten, die in digitaler Form hergestellt und bereitgestellt werden (digitale Inhalte), die ein Verbraucher oder Unternehmer (nachfolgend &#8220;Lizenznehmer&#8221;) mit dem Lizenzgeber hinsichtlich der vom Lizenzgeber in seinem Online-Shop dargestellten digitalen Inhalte abschlie\u00dft. Hiermit wird der Einbeziehung von eigenen Bedingungen des Lizenznehmers widersprochen, es sei denn, es ist etwas anderes vereinbart.<\/p>\n<p><b>1.2<\/b>\u2009Vertragsgegenstand ist die \u00dcberlassung der vom Lizenzgeber angebotenen digitalen Inhalte an den Lizenznehmer in elektronischer Form unter Einr\u00e4umung bestimmter, in diesen AGB genauer geregelten Nutzungsrechte.<\/p>\n<p><b>1.3<\/b>\u2009Verbraucher im Sinne dieser AGB ist jede nat\u00fcrliche Person, die ein Rechtsgesch\u00e4ft zu Zwecken abschlie\u00dft, die \u00fcberwiegend weder ihrer gewerblichen noch ihrer selbst\u00e4ndigen beruflichen T\u00e4tigkeit zugerechnet werden k\u00f6nnen. Unternehmer im Sinne dieser AGB ist eine nat\u00fcrliche oder juristische Person oder eine rechtsf\u00e4hige Personengesellschaft, die bei Abschluss eines Rechtsgesch\u00e4fts in Aus\u00fcbung ihrer gewerblichen oder selbst\u00e4ndigen beruflichen T\u00e4tigkeit handelt.<\/p>\n<h2>2) Vertragsschluss<\/h2>\n<p><b>2.1<\/b>\u2009Die im Online-Shop des Lizenzgebers ver\u00f6ffentlichten Inhalte stellen keine verbindlichen Angebote seitens des Lizenzgebers dar, sondern dienen zur Abgabe eines verbindlichen Angebots durch den Lizenznehmer.<\/p>\n<p><b>2.2<\/b>\u2009Der Lizenznehmer kann das Angebot \u00fcber das in den Online-Shop des Lizenzgebers integrierte Online-Bestellformular abgeben. Dabei gibt der Lizenznehmer, nachdem er die ausgew\u00e4hlten Inhalte in den virtuellen Warenkorb gelegt und den elektronischen Bestellprozess durchlaufen hat, durch Klicken des den Bestellvorgang abschlie\u00dfenden Buttons ein rechtlich verbindliches Vertragsangebot in Bezug auf die im Warenkorb enthaltenen Inhalte ab.<\/p>\n<p><b>2.3<\/b>\u2009Der Lizenzgeber kann das Angebot des Lizenznehmers innerhalb von f\u00fcnf Tagen annehmen,<\/p>\n<ul>\n<li>indem er dem Lizenznehmer eine schriftliche Auftragsbest\u00e4tigung oder eine Auftragsbest\u00e4tigung in Textform (Fax oder E-Mail) \u00fcbermittelt, wobei insoweit der Zugang der Auftragsbest\u00e4tigung beim Lizenznehmer ma\u00dfgeblich ist, oder<\/li>\n<li>indem er dem Lizenznehmer die bestellten Inhalte \u00fcberl\u00e4sst, wobei insoweit der Zugang beim Lizenznehmer ma\u00dfgeblich ist, oder<\/li>\n<li>indem er den Lizenznehmer nach Abgabe von dessen Bestellung zur Zahlung auffordert.<\/li>\n<\/ul>\n<p>Liegen mehrere der vorgenannten Alternativen vor, kommt der Vertrag in dem Zeitpunkt zustande, in dem eine der vorgenannten Alternativen zuerst eintritt. Nimmt der Lizenzgeber das Angebot des Lizenznehmers innerhalb vorgenannter Frist nicht an, so gilt dies als Ablehnung des Angebots mit der Folge, dass der Lizenznehmer nicht mehr an seine Willenserkl\u00e4rung gebunden ist.<\/p>\n<p><b>2.4<\/b>\u2009Die Frist zur Annahme des Angebots beginnt am Tag nach der Absendung des Angebots durch den Lizenznehmer und endet mit dem Ablauf des f\u00fcnften Tages, welcher auf die Absendung des Angebots folgt.<\/p>\n<p><b>2.5<\/b>\u2009Bei der Abgabe eines Angebots \u00fcber das Online-Bestellformular des Lizenzgebers wird der Vertragstext nach dem Vertragsschluss vom Lizenzgeber gespeichert und dem Lizenznehmer nach Absendung von dessen Bestellung in Textform (z. B. E-Mail, Fax oder Brief) \u00fcbermittelt. Eine dar\u00fcber hinausgehende Zug\u00e4nglichmachung des Vertragstextes durch den Lizenzgeber erfolgt nicht.<\/p>\n<p><b>2.6<\/b>\u2009Vor verbindlicher Abgabe der Bestellung \u00fcber das Online-Bestellformular kann der Lizenznehmer seine Eingaben laufend \u00fcber die \u00fcblichen Tastatur- und Mausfunktionen korrigieren. Dar\u00fcber hinaus werden alle Eingaben vor der verbindlichen Abgabe der Bestellung noch einmal in einem Best\u00e4tigungsfenster angezeigt und k\u00f6nnen auch dort mittels der \u00fcblichen Tastatur- und Mausfunktionen korrigiert werden.<\/p>\n<p><b>2.7<\/b>\u2009F\u00fcr den Vertragsschluss steht ausschlie\u00dflich die deutsche Sprache zur Verf\u00fcgung.<\/p>\n<p><b>2.8<\/b>\u2009Die Bestellabwicklung und Kontaktaufnahme finden in der Regel per E-Mail und automatisierter Bestellabwicklung statt. Der Kunde hat sicherzustellen, dass die von ihm zur Bestellabwicklung angegebene E-Mail-Adresse zutreffend ist, so dass unter dieser Adresse die vom Lizenzgeber versandten E-Mails empfangen werden k\u00f6nnen. Insbesondere hat der Kunde bei dem Einsatz von SPAM-Filtern sicherzustellen, dass alle vom Lizenzgeber oder von diesem mit der Bestellabwicklung beauftragten Dritten versandten E-Mails zugestellt werden k\u00f6nnen.<\/p>\n<h2>3) Widerrufsrecht<\/h2>\n<p>Verbrauchern steht grunds\u00e4tzlich ein Widerrufsrecht zu. N\u00e4here Informationen zum Widerrufsrecht ergeben sich aus der Widerrufsbelehrung des Lizenzgebers.<\/p>\n<h2>4) Verg\u00fctung<\/h2>\n<p><b>4.1<\/b>\u2009F\u00fcr die Rechtseinr\u00e4umung an den jeweiligen Inhalten erh\u00e4lt der Lizenzgeber eine Pauschallizenzgeb\u00fchr, deren H\u00f6he sich aus der jeweiligen Artikelbeschreibung ergibt.<\/p>\n<p><b>4.2<\/b>\u2009Die vom Lizenzgeber angegebenen Preise sind Gesamtpreise und enthalten die gesetzliche Umsatzsteuer.<\/p>\n<p><b>4.3<\/b>\u2009Bei Zahlungen in L\u00e4ndern au\u00dferhalb der Europ\u00e4ischen Union k\u00f6nnen im Einzelfall weitere Kosten anfallen, die der Lizenzgeber nicht zu vertreten hat und die vom Lizenznehmer zu tragen sind. Hierzu z\u00e4hlen beispielsweise Kosten f\u00fcr die Geld\u00fcbermittlung durch Kreditinstitute (z.B. \u00dcberweisungsgeb\u00fchren, Wechselkursgeb\u00fchren).<\/p>\n<p><b>4.4<\/b>\u2009Dem Lizenznehmer stehen verschiedene Zahlungsm\u00f6glichkeiten zur Verf\u00fcgung, die im Online-Shop des Lizenzgebers angegeben werden.<\/p>\n<p><b>4.5<\/b>\u2009Bei Auswahl der Zahlungsart &#8220;PayPal&#8221; erfolgt die Zahlungsabwicklung \u00fcber den Zahlungsdienstleister PayPal (Europe) S.\u00e0 r.l. et Cie, S.C.A., 22-24 Boulevard Royal, L-2449 Luxembourg unter Geltung der PayPal-Nutzungsbedingungen, einsehbar unter https:\/\/www.paypal.com\/de\/webapps\/mpp\/ua\/useragreement-full.<\/p>\n<h2>5) \u00dcberlassung der Inhalte<\/h2>\n<p>Die \u00dcberlassung der Inhalte erfolgt ausschlie\u00dflich in elektronischer Form per E-Mail oder per Download von der Website des Lizenzgebers.<\/p>\n<h2>6) Einr\u00e4umung von Nutzungsrechten<\/h2>\n<p><b>6.1<\/b>\u2009Sofern sich aus der Inhaltsbeschreibung im Online-Shop des Lizenzgebers nichts anderes ergibt, r\u00e4umt der Lizenzgeber dem Lizenznehmer an den \u00fcberlassenen Inhalten das nicht ausschlie\u00dfliche, \u00f6rtlich und zeitlich unbeschr\u00e4nkte Recht ein, die \u00fcberlassenen Inhalte ausschlie\u00dflich zu privaten Zwecken zu nutzen.<\/p>\n<p><b>6.2<\/b>\u2009Eine Weitergabe der Inhalte an Dritte oder die Erstellung von Kopien f\u00fcr Dritte au\u00dferhalb des Rahmens dieser AGB ist nicht gestattet, soweit nicht der Lizenzgeber einer \u00dcbertragung der vertragsgegenst\u00e4ndlichen Lizenz an den Dritten zugestimmt hat.<\/p>\n<p><b>6.3<\/b>\u2009Die Rechtseinr\u00e4umung wird erst wirksam, wenn der Lizenznehmer die vertraglich geschuldete Verg\u00fctung vollst\u00e4ndig geleistet hat. Der Lizenzgeber kann eine Benutzung der vertragsgegenst\u00e4ndlichen Inhalte auch schon vor diesem Zeitpunkt vorl\u00e4ufig erlauben. Ein \u00dcbergang der Rechte findet durch eine solche vorl\u00e4ufige Erlaubnis nicht statt.<\/p>\n<h2>7) M\u00e4ngelhaftung<\/h2>\n<p>Es gilt die gesetzliche M\u00e4ngelhaftung.<\/p>\n<h2>8) Anwendbares Recht<\/h2>\n<p>F\u00fcr s\u00e4mtliche Rechtsbeziehungen der Parteien gilt das Recht der Bundesrepublik Deutschland unter Ausschluss der Gesetze \u00fcber den internationalen Kauf beweglicher Waren. Bei Verbrauchern gilt diese Rechtswahl nur insoweit, als nicht der gew\u00e4hrte Schutz durch zwingende Bestimmungen des Rechts des Staates, in dem der Verbraucher seinen gew\u00f6hnlichen Aufenthalt hat, entzogen wird.<\/p>\n<h2>9) Alternative Streitbeilegung<\/h2>\n<p><b>9.1<\/b>\u2009Die EU-Kommission stellt im Internet unter folgendem Link eine Plattform zur Online-Streitbeilegung bereit: https:\/\/ec.europa.eu\/consumers\/odr<\/p>\n<p>Diese Plattform dient als Anlaufstelle zur au\u00dfergerichtlichen Beilegung von Streitigkeiten aus Online-Kauf- oder Dienstleistungsvertr\u00e4gen, an denen ein Verbraucher beteiligt ist.<\/p>\n<p><b>9.2<\/b>\u2009Der Lizenzgeber ist zur Teilnahme an einem Streitbeilegungsverfahren vor einer Verbraucherschlichtungsstelle weder verpflichtet noch bereit.<\/p>\n<p><a href=\"https:\/\/www.it-recht-kanzlei.de\/agb-starterpaket.php\" target=\"_blank\" rel=\"noopener noreferrer\"><img decoding=\"async\" id=\"itkanzlei_img_copyright\" class=\"skip-lazy\" style=\"border-style: none;\" title=\"\u00a9 IT-Recht Kanzlei\" src=\"https:\/\/www.it-recht-kanzlei.de\/logo\/Copyright-Logo.png?i=38f41-1f6c3-39c7-907d-1\" alt=\"\u00a9 IT-Recht Kanzlei\" \/><\/a><\/p>\n<p style=\"font-size: 10px; text-align: right; opacity: 0;\">DOCID: ##ITK-925bc39e2499d6b80c4519397a865519##<\/p>\n<p>&nbsp;<\/p>\n<p style=\"opacity: 0.8;\">Version: 201910311418<\/p>\n","protected":false},"excerpt":{"rendered":"<p>Allgemeine Gesch\u00e4ftsbedingungen mit Kundeninformationen Inhaltsverzeichnis Geltungsbereich Vertragsschluss Widerrufsrecht Verg\u00fctung \u00dcberlassung der Inhalte Einr\u00e4umung von Nutzungsrechten M\u00e4ngelhaftung Anwendbares Recht Alternative Streitbeilegung 1) Geltungsbereich 1.1\u2009Diese Allgemeinen Gesch\u00e4ftsbedingungen (nachfolgend &#8220;AGB&#8221;) des Heinz Ecker, handelnd unter &#8220;cmc concerto music consulting&#8221; (nachfolgend &#8220;Lizenzgeber&#8221;), gelten f\u00fcr alle Vertr\u00e4ge \u00fcber die Lieferung von nicht auf einem k\u00f6rperlichen Datentr\u00e4ger befindlichen Daten, die in [&hellip;]<\/p>\n","protected":false},"author":1,"featured_media":0,"parent":0,"menu_order":0,"comment_status":"closed","ping_status":"closed","template":"","meta":{"footnotes":""},"class_list":["post-5274","page","type-page","status-publish","hentry"],"yoast_head":"<!-- This site is optimized with the Yoast SEO plugin v27.5 - https:\/\/yoast.com\/product\/yoast-seo-wordpress\/ -->\n<title>Conditions - abc Analyse Bach-Chor\u00e4le<\/title>\n<meta name=\"robots\" content=\"index, follow, max-snippet:-1, max-image-preview:large, max-video-preview:-1\" \/>\n<link rel=\"canonical\" href=\"https:\/\/www.bachchoral.de\/en\/conditions\/\" \/>\n<meta property=\"og:locale\" content=\"en_US\" \/>\n<meta property=\"og:type\" content=\"article\" \/>\n<meta property=\"og:title\" content=\"Conditions - abc Analyse Bach-Chor\u00e4le\" \/>\n<meta property=\"og:description\" content=\"Allgemeine Gesch\u00e4ftsbedingungen mit Kundeninformationen Inhaltsverzeichnis Geltungsbereich Vertragsschluss Widerrufsrecht Verg\u00fctung \u00dcberlassung der Inhalte Einr\u00e4umung von Nutzungsrechten M\u00e4ngelhaftung Anwendbares Recht Alternative Streitbeilegung 1) Geltungsbereich 1.1\u2009Diese Allgemeinen Gesch\u00e4ftsbedingungen (nachfolgend &#8220;AGB&#8221;) des Heinz Ecker, handelnd unter &#8220;cmc concerto music consulting&#8221; (nachfolgend &#8220;Lizenzgeber&#8221;), gelten f\u00fcr alle Vertr\u00e4ge \u00fcber die Lieferung von nicht auf einem k\u00f6rperlichen Datentr\u00e4ger befindlichen Daten, die in [&hellip;]\" \/>\n<meta property=\"og:url\" content=\"https:\/\/www.bachchoral.de\/en\/conditions\/\" \/>\n<meta property=\"og:site_name\" content=\"abc Analyse Bach-Chor\u00e4le\" \/>\n<meta property=\"og:image\" content=\"https:\/\/www.it-recht-kanzlei.de\/logo\/Copyright-Logo.png?i=38f41-1f6c3-39c7-907d-1\" \/>\n<meta name=\"twitter:card\" content=\"summary_large_image\" \/>\n<meta name=\"twitter:label1\" content=\"Est. reading time\" \/>\n\t<meta name=\"twitter:data1\" content=\"5 minutes\" \/>\n<script type=\"application\/ld+json\" class=\"yoast-schema-graph\">{\"@context\":\"https:\\\/\\\/schema.org\",\"@graph\":[{\"@type\":\"WebPage\",\"@id\":\"https:\\\/\\\/www.bachchoral.de\\\/en\\\/conditions\\\/\",\"url\":\"https:\\\/\\\/www.bachchoral.de\\\/en\\\/conditions\\\/\",\"name\":\"Conditions - abc Analyse Bach-Chor\u00e4le\",\"isPartOf\":{\"@id\":\"https:\\\/\\\/www.bachchoral.de\\\/en\\\/#website\"},\"primaryImageOfPage\":{\"@id\":\"https:\\\/\\\/www.bachchoral.de\\\/en\\\/conditions\\\/#primaryimage\"},\"image\":{\"@id\":\"https:\\\/\\\/www.bachchoral.de\\\/en\\\/conditions\\\/#primaryimage\"},\"thumbnailUrl\":\"https:\\\/\\\/www.it-recht-kanzlei.de\\\/logo\\\/Copyright-Logo.png?i=38f41-1f6c3-39c7-907d-1\",\"datePublished\":\"2019-10-31T19:24:43+00:00\",\"breadcrumb\":{\"@id\":\"https:\\\/\\\/www.bachchoral.de\\\/en\\\/conditions\\\/#breadcrumb\"},\"inLanguage\":\"en-US\",\"potentialAction\":[{\"@type\":\"ReadAction\",\"target\":[\"https:\\\/\\\/www.bachchoral.de\\\/en\\\/conditions\\\/\"]}]},{\"@type\":\"ImageObject\",\"inLanguage\":\"en-US\",\"@id\":\"https:\\\/\\\/www.bachchoral.de\\\/en\\\/conditions\\\/#primaryimage\",\"url\":\"https:\\\/\\\/www.it-recht-kanzlei.de\\\/logo\\\/Copyright-Logo.png?i=38f41-1f6c3-39c7-907d-1\",\"contentUrl\":\"https:\\\/\\\/www.it-recht-kanzlei.de\\\/logo\\\/Copyright-Logo.png?i=38f41-1f6c3-39c7-907d-1\"},{\"@type\":\"BreadcrumbList\",\"@id\":\"https:\\\/\\\/www.bachchoral.de\\\/en\\\/conditions\\\/#breadcrumb\",\"itemListElement\":[{\"@type\":\"ListItem\",\"position\":1,\"name\":\"Startseite\",\"item\":\"https:\\\/\\\/www.bachchoral.de\\\/en\\\/\"},{\"@type\":\"ListItem\",\"position\":2,\"name\":\"Conditions\"}]},{\"@type\":\"WebSite\",\"@id\":\"https:\\\/\\\/www.bachchoral.de\\\/en\\\/#website\",\"url\":\"https:\\\/\\\/www.bachchoral.de\\\/en\\\/\",\"name\":\"abc Analyse Bach-Chor\u00e4le\",\"description\":\"abc Analyse Bach-Chor\u00e4le\",\"potentialAction\":[{\"@type\":\"SearchAction\",\"target\":{\"@type\":\"EntryPoint\",\"urlTemplate\":\"https:\\\/\\\/www.bachchoral.de\\\/en\\\/?s={search_term_string}\"},\"query-input\":{\"@type\":\"PropertyValueSpecification\",\"valueRequired\":true,\"valueName\":\"search_term_string\"}}],\"inLanguage\":\"en-US\"}]}<\/script>\n<!-- \/ Yoast SEO plugin. -->","yoast_head_json":{"title":"Conditions - abc Analyse Bach-Chor\u00e4le","robots":{"index":"index","follow":"follow","max-snippet":"max-snippet:-1","max-image-preview":"max-image-preview:large","max-video-preview":"max-video-preview:-1"},"canonical":"https:\/\/www.bachchoral.de\/en\/conditions\/","og_locale":"en_US","og_type":"article","og_title":"Conditions - abc Analyse Bach-Chor\u00e4le","og_description":"Allgemeine Gesch\u00e4ftsbedingungen mit Kundeninformationen Inhaltsverzeichnis Geltungsbereich Vertragsschluss Widerrufsrecht Verg\u00fctung \u00dcberlassung der Inhalte Einr\u00e4umung von Nutzungsrechten M\u00e4ngelhaftung Anwendbares Recht Alternative Streitbeilegung 1) Geltungsbereich 1.1\u2009Diese Allgemeinen Gesch\u00e4ftsbedingungen (nachfolgend &#8220;AGB&#8221;) des Heinz Ecker, handelnd unter &#8220;cmc concerto music consulting&#8221; (nachfolgend &#8220;Lizenzgeber&#8221;), gelten f\u00fcr alle Vertr\u00e4ge \u00fcber die Lieferung von nicht auf einem k\u00f6rperlichen Datentr\u00e4ger befindlichen Daten, die in [&hellip;]","og_url":"https:\/\/www.bachchoral.de\/en\/conditions\/","og_site_name":"abc Analyse Bach-Chor\u00e4le","og_image":[{"url":"https:\/\/www.it-recht-kanzlei.de\/logo\/Copyright-Logo.png?i=38f41-1f6c3-39c7-907d-1","type":"","width":"","height":""}],"twitter_card":"summary_large_image","twitter_misc":{"Est. reading time":"5 minutes"},"schema":{"@context":"https:\/\/schema.org","@graph":[{"@type":"WebPage","@id":"https:\/\/www.bachchoral.de\/en\/conditions\/","url":"https:\/\/www.bachchoral.de\/en\/conditions\/","name":"Conditions - abc Analyse Bach-Chor\u00e4le","isPartOf":{"@id":"https:\/\/www.bachchoral.de\/en\/#website"},"primaryImageOfPage":{"@id":"https:\/\/www.bachchoral.de\/en\/conditions\/#primaryimage"},"image":{"@id":"https:\/\/www.bachchoral.de\/en\/conditions\/#primaryimage"},"thumbnailUrl":"https:\/\/www.it-recht-kanzlei.de\/logo\/Copyright-Logo.png?i=38f41-1f6c3-39c7-907d-1","datePublished":"2019-10-31T19:24:43+00:00","breadcrumb":{"@id":"https:\/\/www.bachchoral.de\/en\/conditions\/#breadcrumb"},"inLanguage":"en-US","potentialAction":[{"@type":"ReadAction","target":["https:\/\/www.bachchoral.de\/en\/conditions\/"]}]},{"@type":"ImageObject","inLanguage":"en-US","@id":"https:\/\/www.bachchoral.de\/en\/conditions\/#primaryimage","url":"https:\/\/www.it-recht-kanzlei.de\/logo\/Copyright-Logo.png?i=38f41-1f6c3-39c7-907d-1","contentUrl":"https:\/\/www.it-recht-kanzlei.de\/logo\/Copyright-Logo.png?i=38f41-1f6c3-39c7-907d-1"},{"@type":"BreadcrumbList","@id":"https:\/\/www.bachchoral.de\/en\/conditions\/#breadcrumb","itemListElement":[{"@type":"ListItem","position":1,"name":"Startseite","item":"https:\/\/www.bachchoral.de\/en\/"},{"@type":"ListItem","position":2,"name":"Conditions"}]},{"@type":"WebSite","@id":"https:\/\/www.bachchoral.de\/en\/#website","url":"https:\/\/www.bachchoral.de\/en\/","name":"abc Analyse Bach-Chor\u00e4le","description":"abc Analyse Bach-Chor\u00e4le","potentialAction":[{"@type":"SearchAction","target":{"@type":"EntryPoint","urlTemplate":"https:\/\/www.bachchoral.de\/en\/?s={search_term_string}"},"query-input":{"@type":"PropertyValueSpecification","valueRequired":true,"valueName":"search_term_string"}}],"inLanguage":"en-US"}]}},"_links":{"self":[{"href":"https:\/\/www.bachchoral.de\/en\/wp-json\/wp\/v2\/pages\/5274","targetHints":{"allow":["GET"]}}],"collection":[{"href":"https:\/\/www.bachchoral.de\/en\/wp-json\/wp\/v2\/pages"}],"about":[{"href":"https:\/\/www.bachchoral.de\/en\/wp-json\/wp\/v2\/types\/page"}],"author":[{"embeddable":true,"href":"https:\/\/www.bachchoral.de\/en\/wp-json\/wp\/v2\/users\/1"}],"replies":[{"embeddable":true,"href":"https:\/\/www.bachchoral.de\/en\/wp-json\/wp\/v2\/comments?post=5274"}],"version-history":[{"count":0,"href":"https:\/\/www.bachchoral.de\/en\/wp-json\/wp\/v2\/pages\/5274\/revisions"}],"wp:attachment":[{"href":"https:\/\/www.bachchoral.de\/en\/wp-json\/wp\/v2\/media?parent=5274"}],"curies":[{"name":"wp","href":"https:\/\/api.w.org\/{rel}","templated":true}]}}