{"id":2,"date":"2019-06-16T10:26:20","date_gmt":"2019-06-16T08:26:20","guid":{"rendered":"http:\/\/bachchoral.testserver-webdesigndoerrer.de\/?page_id=2"},"modified":"2019-10-12T07:32:50","modified_gmt":"2019-10-12T05:32:50","slug":"startseite","status":"publish","type":"page","link":"https:\/\/www.bachchoral.de\/de\/","title":{"rendered":"Startseite"},"content":{"rendered":"\n<style type=\"text\/css\" data-created_by=\"avia_inline_auto\" id=\"style-css-av-jwz1m59c-d48b1f42140dbb2be21a7e4bdeddf448\">\n.avia-section.av-jwz1m59c-d48b1f42140dbb2be21a7e4bdeddf448 .av-parallax .av-parallax-inner{\nbackground-repeat:no-repeat;\nbackground-image:url(https:\/\/www.bachchoral.de\/wp-content\/uploads\/2019\/06\/Header_BG.jpg);\nbackground-position:50% 50%;\nbackground-attachment:scroll;\n}\n.avia-section.av-jwz1m59c-d48b1f42140dbb2be21a7e4bdeddf448 .av-section-color-overlay{\nopacity:0.9;\nbackground-color:#b0925d;\n}\n<\/style>\n<div id='av_section_1'  class='avia-section av-jwz1m59c-d48b1f42140dbb2be21a7e4bdeddf448 main_color avia-section-large avia-no-border-styling  avia-builder-el-0  el_before_av_section  avia-builder-el-first  avia-full-stretch av-parallax-section avia-bg-style-parallax av-section-color-overlay-active av-minimum-height av-minimum-height-30 av-height-percent  container_wrap fullsize'  data-section-bg-repeat='stretch' data-av_minimum_height_pc='30' data-av_min_height_opt='percent'><div class='av-parallax' data-avia-parallax-ratio='0.3' ><div class='av-parallax-inner main_color avia-full-stretch'><\/div><\/div><div class=\"av-section-color-overlay-wrap\"><div class=\"av-section-color-overlay\"><\/div><div class='container av-section-cont-open' ><main  role=\"main\" itemprop=\"mainContentOfPage\"  class='template-page content  av-content-full alpha units'><div class='post-entry post-entry-type-page post-entry-2'><div class='entry-content-wrapper clearfix'>\n\n<style type=\"text\/css\" data-created_by=\"avia_inline_auto\" id=\"style-css-av-k0o1ylg0-0b1e51201312d47cd10a2e0a5f1f2e60\">\n#top .av-special-heading.av-k0o1ylg0-0b1e51201312d47cd10a2e0a5f1f2e60{\npadding-bottom:0;\ncolor:#ffffff;\nfont-size:48px;\n}\nbody .av-special-heading.av-k0o1ylg0-0b1e51201312d47cd10a2e0a5f1f2e60 .av-special-heading-tag .heading-char{\nfont-size:25px;\n}\n#top #wrap_all .av-special-heading.av-k0o1ylg0-0b1e51201312d47cd10a2e0a5f1f2e60 .av-special-heading-tag{\nfont-size:48px;\n}\n.av-special-heading.av-k0o1ylg0-0b1e51201312d47cd10a2e0a5f1f2e60 .special-heading-inner-border{\nborder-color:#ffffff;\n}\n.av-special-heading.av-k0o1ylg0-0b1e51201312d47cd10a2e0a5f1f2e60 .av-subheading{\nfont-size:30px;\n}\n\n@media only screen and (min-width: 480px) and (max-width: 767px){ \n#top #wrap_all .av-special-heading.av-k0o1ylg0-0b1e51201312d47cd10a2e0a5f1f2e60 .av-special-heading-tag{\nfont-size:0.8em;\n}\n}\n\n@media only screen and (max-width: 479px){ \n#top #wrap_all .av-special-heading.av-k0o1ylg0-0b1e51201312d47cd10a2e0a5f1f2e60 .av-special-heading-tag{\nfont-size:0.8em;\n}\n}\n<\/style>\n<div  class='av-special-heading av-k0o1ylg0-0b1e51201312d47cd10a2e0a5f1f2e60 av-special-heading-h1 custom-color-heading blockquote modern-quote modern-centered  avia-builder-el-1  avia-builder-el-no-sibling  av-inherit-size'><h1 class='av-special-heading-tag '  itemprop=\"headline\"  >abc Analyse Bach-Chor\u00e4le<\/h1><div class='av_custom_color av-subheading av-subheading_below'><p>Was erwartet Sie auf dieser Website?<\/p>\n<\/div><div class=\"special-heading-border\"><div class=\"special-heading-inner-border\"><\/div><\/div><\/div>\n\n<\/div><\/div><\/main><!-- close content main element --><\/div><\/div><\/div>\n<style type=\"text\/css\" data-created_by=\"avia_inline_auto\" id=\"style-css-av-54ks-5235e06c2be567cfc72bd3d21d5719e9\">\n.avia-section.av-54ks-5235e06c2be567cfc72bd3d21d5719e9 .av-parallax .av-parallax-inner{\nbackground-repeat:no-repeat;\nbackground-image:url(https:\/\/www.bachchoral.de\/wp-content\/uploads\/2019\/06\/JB_Home2.jpg);\nbackground-position:50% 0%;\nbackground-attachment:scroll;\n}\n<\/style>\n<div id='av_section_2'  class='avia-section av-54ks-5235e06c2be567cfc72bd3d21d5719e9 main_color avia-section-huge avia-no-border-styling  avia-builder-el-2  el_after_av_section  el_before_av_section  avia-full-stretch av-parallax-section avia-bg-style-parallax container_wrap fullsize'  data-section-bg-repeat='stretch'><div class='av-parallax' data-avia-parallax-ratio='0.3' ><div class='av-parallax-inner main_color avia-full-stretch'><\/div><\/div><div class='container av-section-cont-open' ><div class='template-page content  av-content-full alpha units'><div class='post-entry post-entry-type-page post-entry-2'><div class='entry-content-wrapper clearfix'>\n\n<style type=\"text\/css\" data-created_by=\"avia_inline_auto\" id=\"style-css-av-hsc-acec52d034945831657cf86ce4942df4\">\n.flex_column.av-hsc-acec52d034945831657cf86ce4942df4{\nborder-radius:0px 0px 0px 0px;\npadding:0px 0px 0px 0px;\n}\n<\/style>\n<div  class='flex_column av-hsc-acec52d034945831657cf86ce4942df4 av_one_full  avia-builder-el-3  el_before_av_one_half  avia-builder-el-first  first flex_column_div av-zero-column-padding  '     ><style type=\"text\/css\" data-created_by=\"avia_inline_auto\" id=\"style-css-av-av_heading-e5fee9aff124eaa3479c9491c0787a0c\">\n#top .av-special-heading.av-av_heading-e5fee9aff124eaa3479c9491c0787a0c{\npadding-bottom:10px;\ncolor:#ffffff;\nfont-size:36px;\n}\nbody .av-special-heading.av-av_heading-e5fee9aff124eaa3479c9491c0787a0c .av-special-heading-tag .heading-char{\nfont-size:25px;\n}\n#top #wrap_all .av-special-heading.av-av_heading-e5fee9aff124eaa3479c9491c0787a0c .av-special-heading-tag{\nfont-size:36px;\n}\n.av-special-heading.av-av_heading-e5fee9aff124eaa3479c9491c0787a0c .special-heading-inner-border{\nborder-color:#ffffff;\n}\n.av-special-heading.av-av_heading-e5fee9aff124eaa3479c9491c0787a0c .av-subheading{\nfont-size:15px;\n}\n\n@media only screen and (min-width: 480px) and (max-width: 767px){ \n#top #wrap_all .av-special-heading.av-av_heading-e5fee9aff124eaa3479c9491c0787a0c .av-special-heading-tag{\nfont-size:0.8em;\n}\n}\n\n@media only screen and (max-width: 479px){ \n#top #wrap_all .av-special-heading.av-av_heading-e5fee9aff124eaa3479c9491c0787a0c .av-special-heading-tag{\nfont-size:0.8em;\n}\n}\n<\/style>\n<div  class='av-special-heading av-av_heading-e5fee9aff124eaa3479c9491c0787a0c av-special-heading-h3 custom-color-heading blockquote modern-quote  avia-builder-el-4  avia-builder-el-no-sibling  av-inherit-size'><h3 class='av-special-heading-tag '  itemprop=\"headline\"  >Vierstimmige Chor\u00e4le von Johann Sebastian Bach mit funktionsharmonischer Analyse!<\/h3><div class=\"special-heading-border\"><div class=\"special-heading-inner-border\"><\/div><\/div><\/div><\/div>\n<style type=\"text\/css\" data-created_by=\"avia_inline_auto\" id=\"style-css-av-37ra-93c0908fabc1b35547f64f5adaa54697\">\n.flex_column.av-37ra-93c0908fabc1b35547f64f5adaa54697{\nborder-radius:0px 0px 0px 0px;\npadding:0px 0px 0px 0px;\n}\n<\/style>\n<div  class='flex_column av-37ra-93c0908fabc1b35547f64f5adaa54697 av_one_half  avia-builder-el-5  el_after_av_one_full  el_before_av_one_half  first flex_column_div av-zero-column-padding avia-full-stretch  column-top-margin'     ><style type=\"text\/css\" data-created_by=\"avia_inline_auto\" id=\"style-css-av-jwyu2rru-8d628d500253a1e18547ee1998ac7719\">\n#top .av_textblock_section.av-jwyu2rru-8d628d500253a1e18547ee1998ac7719 .avia_textblock{\nfont-size:16px;\ncolor:#ffffff;\n}\n<\/style>\n<section  class='av_textblock_section av-jwyu2rru-8d628d500253a1e18547ee1998ac7719 '   itemscope=\"itemscope\" itemtype=\"https:\/\/schema.org\/CreativeWork\" ><div class='avia_textblock av_inherit_color'  itemprop=\"text\" ><p>Nachfolgend werden 186 vierstimmige Chor\u00e4le von Johann Sebastian Bach zum <strong><a href=\"https:\/\/www.bachchoral.de\/choraele\/\">Herunterladen<\/a> <\/strong>vorgelegt. Damit ist beabsichtigt, Connaisseurs und insbesondere in musikalischer Ausbildung befindlichen Studierenden an Universit\u00e4ten, Musikhochschulen, Konservatorien und sonstigen Ausbildungsst\u00e4tten anspruchsvolle Notentexte an die Hand zu geben, mittels derer u. a. funktionsharmonische Analysen ge\u00fcbt werden k\u00f6nnen. <em><strong>Und vor allem: Keine \u00dcbungsaufgabe ohne L\u00f6sung! F\u00fcr alle Chor\u00e4le wird deshalb EINE funktionsharmonische Analyse-L\u00f6sung vorgeschlagen (alternative Analyse-Lesarten sind grunds\u00e4tzlich m\u00f6glich).<\/strong><\/em><\/p>\n<p><em> <strong>Wohlgemerkt: Die hier zum Herunterladen angebotenen Chor\u00e4le fungieren im wesentlichen als \u00dcbungs-Notentexte zur Erstellung funktionsharmonischer Analysen<\/strong><\/em>, wohl wissend, dass man sich dem Wesen und Innersten dieser Musik nicht allein mit einer funktionsharmonischen Analyse n\u00e4hert; ihr wohnt wesentlich der Geist des Generalbasses und des Kontrapunkts inne.<\/p>\n<p>Bei den Chor\u00e4len handelt es sich um die Chor\u00e4le BWV 253 bis BWV 438. Grundlage der Notentexte wie auch der Choraltitel (inklusive der Zus\u00e4tze des Bearbeiters) der bereitgestellten Chor\u00e4le bildet die <em>Neue Bach-Ausgabe<\/em> (Serie III, Band 2, Teil 2), die ihrerseits im Wesentlichen auf der zwischen 1784 und 1787 bei Johann Gottlob Immanuel Breitkopf in Leipzig erschienen Druckausgabe von <em>Johann Sebastian Bachs vierstimmige(n) Choralges\u00e4nge(n)<\/em> basiert. Diese wiederum geht in ihrem haupts\u00e4chlichen Bestand auf eine Sammlung Carl Philipp Emanuel Bachs zur\u00fcck, deren Manuskript 1771 von Johann Philipp Kirnberger erworben wurde.<\/p>\n<\/div><\/section><\/div>\n<style type=\"text\/css\" data-created_by=\"avia_inline_auto\" id=\"style-css-av-37ra-07f8d2edaaa81ffdba823440968cad2b\">\n.flex_column.av-37ra-07f8d2edaaa81ffdba823440968cad2b{\nborder-radius:0px 0px 0px 0px;\npadding:0px 0px 0px 0px;\n}\n<\/style>\n<div  class='flex_column av-37ra-07f8d2edaaa81ffdba823440968cad2b av_one_half  avia-builder-el-7  el_after_av_one_half  avia-builder-el-last  flex_column_div av-zero-column-padding avia-full-stretch  column-top-margin'     ><style type=\"text\/css\" data-created_by=\"avia_inline_auto\" id=\"style-css-av-jwyu2rru-8d628d500253a1e18547ee1998ac7719\">\n#top .av_textblock_section.av-jwyu2rru-8d628d500253a1e18547ee1998ac7719 .avia_textblock{\nfont-size:16px;\ncolor:#ffffff;\n}\n<\/style>\n<section  class='av_textblock_section av-jwyu2rru-8d628d500253a1e18547ee1998ac7719 '   itemscope=\"itemscope\" itemtype=\"https:\/\/schema.org\/CreativeWork\" ><div class='avia_textblock av_inherit_color'  itemprop=\"text\" ><p>Die gesammelten Chor\u00e4le wurden schon zu jener Zeit als didaktische Werke verstanden und als Muster des vierstimmigen Satzes aufgefasst. Schon Carl Philipp Emanuel Bach, einer der S\u00f6hne Johann Sebastian Bachs, betonte den Nutzen der Chor\u00e4le als Studienobjekte f\u00fcr die \u201eLehrbegierigen der Setzkunst\u201c.<\/p>\n<p>In gewissem und eingeschr\u00e4nktem Sinne k\u00f6nnen die Chor\u00e4le auch als Studienobjekte f\u00fcr die \u201eLehrbegierigen der tonalen Funktionen der Akkorde\u201c gesehen werden. Vor dem Hintergrund des Verschwindens des Generalbasses aus der musikalischen Praxis gegen Ende des 18. Jahrhunderts geht mit der Generalbassbezifferung auch die M\u00f6glichkeit der Bezeichnung von Akkorden verloren. Eine neue Bezeichnungsweise von Akkorden entwickelt seit 1872 Hugo Riemann (1849-1919), die ihre abschlie\u00dfende Formulierung 1893 in seiner <em>Lehre von den tonalen Funktionen der Akkorde<\/em> (Funktionstheorie) erh\u00e4lt. Riemanns Akkordbezeichnungen sind Chiffrierungen der Harmonien im funktionalen Zusammenhang eines musikalisch logischen Kadenzgeschehens, unabh\u00e4ngig von der jeweiligen Tonart; auch komplizierte dissonante Bildungen und Akkordfortschreitungen sind dann zu verstehen als mehr oder minder modifizierte Gestalten der drei allein wesentlichen Funktionsharmonien: Tonikadreiklang (als tonales Zentrum), Subdominant- und Dominantdreiklang (quintverwandt zum tonalen Zentrum). Insgesamt betrachtet ist Riemanns Funktionstheorie der lange Zeit als klassische Harmonietheorie geltenden Stufentheorie insofern \u00fcberlegen, als dass viele Klangbildungen mit der Stufentheorie nicht erkl\u00e4rbar sind.<\/p>\n<p><strong>Und nun viel Spa\u00df und Erkenntnisgewinn mit den funktionsharmonischen Analysen der kleinen bachschen Kunstwerke!<\/strong><\/p>\n<\/div><\/section><\/div><\/div><\/div><\/div><!-- close content main div --><\/div><\/div><div id='av_section_3'  class='avia-section av-40bc-dc6f2cb1a13376035dfb0709b139d8e9 main_color avia-section-default avia-no-border-styling  avia-builder-el-9  el_after_av_section  avia-builder-el-last  avia-bg-style-scroll container_wrap fullsize'  ><div class='container av-section-cont-open' ><div class='template-page content  av-content-full alpha units'><div class='post-entry post-entry-type-page post-entry-2'><div class='entry-content-wrapper clearfix'>\n<div  class='avia-button-wrap av-jwz39u0l-7dd19b71a38daf473ebb357dcf87f0bc-wrap avia-button-center  avia-builder-el-10  avia-builder-el-no-sibling '><a href='https:\/\/www.bachchoral.de\/de\/choraele\/'  class='avia-button av-jwz39u0l-7dd19b71a38daf473ebb357dcf87f0bc av-link-btn avia-icon_select-yes-left-icon avia-size-x-large avia-position-center avia-color-dark'   aria-label=\"zu den Chor\u00e4len\"><span class='avia_button_icon avia_button_icon_left avia-iconfont avia-font-entypo-fontello' data-av_icon='\ue801' data-av_iconfont='entypo-fontello' ><\/span><span class='avia_iconbox_title' >zu den Chor\u00e4len<\/span><\/a><\/div>\n<\/p>\n","protected":false},"excerpt":{"rendered":"","protected":false},"author":1,"featured_media":0,"parent":0,"menu_order":0,"comment_status":"closed","ping_status":"open","template":"","meta":{"footnotes":""},"class_list":["post-2","page","type-page","status-publish","hentry"],"yoast_head":"<!-- This site is optimized with the Yoast SEO plugin v27.5 - https:\/\/yoast.com\/product\/yoast-seo-wordpress\/ -->\n<title>Startseite - abc Analyse Bach-Chor\u00e4le<\/title>\n<meta name=\"robots\" content=\"index, follow, max-snippet:-1, max-image-preview:large, max-video-preview:-1\" \/>\n<link rel=\"canonical\" href=\"https:\/\/www.bachchoral.de\/de\/\" \/>\n<meta property=\"og:locale\" content=\"de_DE\" \/>\n<meta property=\"og:type\" content=\"article\" \/>\n<meta property=\"og:title\" content=\"Startseite - abc Analyse Bach-Chor\u00e4le\" \/>\n<meta property=\"og:url\" content=\"https:\/\/www.bachchoral.de\/de\/\" \/>\n<meta property=\"og:site_name\" content=\"abc Analyse Bach-Chor\u00e4le\" \/>\n<meta property=\"article:modified_time\" content=\"2019-10-12T05:32:50+00:00\" \/>\n<meta name=\"twitter:card\" content=\"summary_large_image\" \/>\n<meta name=\"twitter:label1\" content=\"Gesch\u00e4tzte Lesezeit\" \/>\n\t<meta name=\"twitter:data1\" content=\"7\u00a0Minuten\" \/>\n<script type=\"application\/ld+json\" class=\"yoast-schema-graph\">{\"@context\":\"https:\\\/\\\/schema.org\",\"@graph\":[{\"@type\":\"WebPage\",\"@id\":\"https:\\\/\\\/www.bachchoral.de\\\/de\\\/\",\"url\":\"https:\\\/\\\/www.bachchoral.de\\\/de\\\/\",\"name\":\"Startseite - abc Analyse Bach-Chor\u00e4le\",\"isPartOf\":{\"@id\":\"https:\\\/\\\/www.bachchoral.de\\\/de\\\/#website\"},\"datePublished\":\"2019-06-16T08:26:20+00:00\",\"dateModified\":\"2019-10-12T05:32:50+00:00\",\"breadcrumb\":{\"@id\":\"https:\\\/\\\/www.bachchoral.de\\\/de\\\/#breadcrumb\"},\"inLanguage\":\"de\",\"potentialAction\":[{\"@type\":\"ReadAction\",\"target\":[\"https:\\\/\\\/www.bachchoral.de\\\/de\\\/\"]}]},{\"@type\":\"BreadcrumbList\",\"@id\":\"https:\\\/\\\/www.bachchoral.de\\\/de\\\/#breadcrumb\",\"itemListElement\":[{\"@type\":\"ListItem\",\"position\":1,\"name\":\"Startseite\",\"item\":\"https:\\\/\\\/www.bachchoral.de\\\/de\\\/\"},{\"@type\":\"ListItem\",\"position\":2,\"name\":\"Startseite\"}]},{\"@type\":\"WebSite\",\"@id\":\"https:\\\/\\\/www.bachchoral.de\\\/de\\\/#website\",\"url\":\"https:\\\/\\\/www.bachchoral.de\\\/de\\\/\",\"name\":\"abc Analyse Bach-Chor\u00e4le\",\"description\":\"abc Analyse Bach-Chor\u00e4le\",\"potentialAction\":[{\"@type\":\"SearchAction\",\"target\":{\"@type\":\"EntryPoint\",\"urlTemplate\":\"https:\\\/\\\/www.bachchoral.de\\\/de\\\/?s={search_term_string}\"},\"query-input\":{\"@type\":\"PropertyValueSpecification\",\"valueRequired\":true,\"valueName\":\"search_term_string\"}}],\"inLanguage\":\"de\"}]}<\/script>\n<!-- \/ Yoast SEO plugin. -->","yoast_head_json":{"title":"Startseite - abc Analyse Bach-Chor\u00e4le","robots":{"index":"index","follow":"follow","max-snippet":"max-snippet:-1","max-image-preview":"max-image-preview:large","max-video-preview":"max-video-preview:-1"},"canonical":"https:\/\/www.bachchoral.de\/de\/","og_locale":"de_DE","og_type":"article","og_title":"Startseite - abc Analyse Bach-Chor\u00e4le","og_url":"https:\/\/www.bachchoral.de\/de\/","og_site_name":"abc Analyse Bach-Chor\u00e4le","article_modified_time":"2019-10-12T05:32:50+00:00","twitter_card":"summary_large_image","twitter_misc":{"Gesch\u00e4tzte Lesezeit":"7\u00a0Minuten"},"schema":{"@context":"https:\/\/schema.org","@graph":[{"@type":"WebPage","@id":"https:\/\/www.bachchoral.de\/de\/","url":"https:\/\/www.bachchoral.de\/de\/","name":"Startseite - abc Analyse Bach-Chor\u00e4le","isPartOf":{"@id":"https:\/\/www.bachchoral.de\/de\/#website"},"datePublished":"2019-06-16T08:26:20+00:00","dateModified":"2019-10-12T05:32:50+00:00","breadcrumb":{"@id":"https:\/\/www.bachchoral.de\/de\/#breadcrumb"},"inLanguage":"de","potentialAction":[{"@type":"ReadAction","target":["https:\/\/www.bachchoral.de\/de\/"]}]},{"@type":"BreadcrumbList","@id":"https:\/\/www.bachchoral.de\/de\/#breadcrumb","itemListElement":[{"@type":"ListItem","position":1,"name":"Startseite","item":"https:\/\/www.bachchoral.de\/de\/"},{"@type":"ListItem","position":2,"name":"Startseite"}]},{"@type":"WebSite","@id":"https:\/\/www.bachchoral.de\/de\/#website","url":"https:\/\/www.bachchoral.de\/de\/","name":"abc Analyse Bach-Chor\u00e4le","description":"abc Analyse Bach-Chor\u00e4le","potentialAction":[{"@type":"SearchAction","target":{"@type":"EntryPoint","urlTemplate":"https:\/\/www.bachchoral.de\/de\/?s={search_term_string}"},"query-input":{"@type":"PropertyValueSpecification","valueRequired":true,"valueName":"search_term_string"}}],"inLanguage":"de"}]}},"_links":{"self":[{"href":"https:\/\/www.bachchoral.de\/de\/wp-json\/wp\/v2\/pages\/2","targetHints":{"allow":["GET"]}}],"collection":[{"href":"https:\/\/www.bachchoral.de\/de\/wp-json\/wp\/v2\/pages"}],"about":[{"href":"https:\/\/www.bachchoral.de\/de\/wp-json\/wp\/v2\/types\/page"}],"author":[{"embeddable":true,"href":"https:\/\/www.bachchoral.de\/de\/wp-json\/wp\/v2\/users\/1"}],"replies":[{"embeddable":true,"href":"https:\/\/www.bachchoral.de\/de\/wp-json\/wp\/v2\/comments?post=2"}],"version-history":[{"count":1,"href":"https:\/\/www.bachchoral.de\/de\/wp-json\/wp\/v2\/pages\/2\/revisions"}],"predecessor-version":[{"id":11871,"href":"https:\/\/www.bachchoral.de\/de\/wp-json\/wp\/v2\/pages\/2\/revisions\/11871"}],"wp:attachment":[{"href":"https:\/\/www.bachchoral.de\/de\/wp-json\/wp\/v2\/media?parent=2"}],"curies":[{"name":"wp","href":"https:\/\/api.w.org\/{rel}","templated":true}]}}